{"id":2011593,"date":"2012-03-11T11:38:30","date_gmt":"2012-03-11T10:38:30","guid":{"rendered":"https:\/\/www.mindsonar.info\/foros-mindsonar\/"},"modified":"2012-03-11T11:38:30","modified_gmt":"2012-03-11T10:38:30","slug":"foros-mindsonar","status":"publish","type":"page","link":"https:\/\/mindsonar.info\/es\/foros-mindsonar\/","title":{"rendered":"Foros MindSonar"},"content":{"rendered":"<p><strong>\u00a1Hola Profesionales de MindSonar!<\/strong><br \/>\nEst\u00e1s en las p\u00e1ginas de los foros. Aqu\u00ed puedes intercambiar ideas con otros usuarios de MindSonar sobre la medici\u00f3n del Thinking Stylea, PNL (programaci\u00f3n neuroling\u00fc\u00edstica), perfiles de referencia, PNL para los negocios, coaching, formaci\u00f3n de equipos, etc. <strong>FAQ<\/strong><br \/>\nTambi\u00e9n mantenemos un <a title=\"Preguntas frecuentes\" href=\"https:\/\/www.mindsonar.info\/faq-3\/\">FAQ para el p\u00fablico en general<\/a>. Si tienes una pregunta que crees que es de inter\u00e9s para el p\u00fablico en general, publ\u00edcala en las <a title=\"Preguntas frecuentes\" href=\"https:\/\/www.mindsonar.info\/faq-3\/\">FAQ<\/a>. <\/p>\n<h2>Conectarse a los foros<\/h2>\n<p>[bbp-login]<\/p>\n<h2>Reg\u00edstrate en BB<\/h2>\n<p>[bbp-register]<\/p>\n<p><a title=\"\u00bfHas perdido la contrase\u00f1a?\" href=\"https:\/\/www.mindsonar.info\/lost-password\/\">Contrase\u00f1a perdida<\/a><\/p>\n<h2>Foros<\/h2>\n<p>[bbp-forum-index]<br \/>\n<strong>Iniciar un nuevo foro<\/strong><br \/>\n Puedes iniciar un nuevo foro. Por ejemplo, podr\u00edas estar interesado en intercambiar ideas de negocio con otros usuarios de MindSonar a nivel internacional. La gente est\u00e1 haciendo grandes cosas con MindSonar que podr\u00edan reproducirse en otros pa\u00edses. Digamos, por ejemplo, que profesionales belgas de MindSonar han estado ayudando a un gran banco con su marketing, perfilando diferentes grupos objetivo con MindSonar. Esto, por cierto, lo han hecho realmente&#8230; Los profesionales de MindSonar de otros pa\u00edses podr\u00edan ofrecer servicios similares a los bancos de sus pa\u00edses. Pueden beneficiarse de la experiencia y los conocimientos de sus colegas belgas y, en segundo lugar, pueden mostrar a los bancos de su pa\u00eds c\u00f3mo ya se ha realizado un proyecto MindSonar con otro banco en el extranjero. As\u00ed que ah\u00ed lo tienes: <em>sinergia<\/em>. Y en t\u00e9rminos de marketing: las grandes ideas est\u00e1n muy bien, pero los proyectos de referencia tangibles suelen ser m\u00e1s convincentes.        <\/p>\n","protected":false},"excerpt":{"rendered":"<p>\u00a1Hola Profesionales de MindSonar! Est\u00e1s en las p\u00e1ginas de los foros. Aqu\u00ed puedes intercambiar ideas con otros usuarios de MindSonar sobre la medici\u00f3n del Thinking Stylea, PNL (programaci\u00f3n neuroling\u00fc\u00edstica), perfiles de referencia, PNL para los negocios, coaching, formaci\u00f3n de equipos, etc. FAQ Tambi\u00e9n mantenemos un FAQ para el p\u00fablico en general. Si tienes una pregunta [&hellip;]<\/p>\n","protected":false},"author":162,"featured_media":0,"parent":0,"menu_order":0,"comment_status":"open","ping_status":"closed","template":"","meta":{"_acf_changed":false,"footnotes":""},"class_list":["post-2011593","page","type-page","status-publish","hentry"],"acf":[],"_links":{"self":[{"href":"https:\/\/mindsonar.info\/es\/wp-json\/wp\/v2\/pages\/2011593","targetHints":{"allow":["GET"]}}],"collection":[{"href":"https:\/\/mindsonar.info\/es\/wp-json\/wp\/v2\/pages"}],"about":[{"href":"https:\/\/mindsonar.info\/es\/wp-json\/wp\/v2\/types\/page"}],"author":[{"embeddable":true,"href":"https:\/\/mindsonar.info\/es\/wp-json\/wp\/v2\/users\/162"}],"replies":[{"embeddable":true,"href":"https:\/\/mindsonar.info\/es\/wp-json\/wp\/v2\/comments?post=2011593"}],"version-history":[{"count":0,"href":"https:\/\/mindsonar.info\/es\/wp-json\/wp\/v2\/pages\/2011593\/revisions"}],"wp:attachment":[{"href":"https:\/\/mindsonar.info\/es\/wp-json\/wp\/v2\/media?parent=2011593"}],"curies":[{"name":"wp","href":"https:\/\/api.w.org\/{rel}","templated":true}]}}