{"id":2011572,"date":"2011-10-20T00:08:18","date_gmt":"2011-10-19T23:08:18","guid":{"rendered":"https:\/\/www.mindsonar.info\/acerca-de-mindsonar\/"},"modified":"2024-10-24T05:41:21","modified_gmt":"2024-10-24T04:41:21","slug":"acerca-de-mindsonar","status":"publish","type":"page","link":"https:\/\/mindsonar.info\/es\/acerca-de-mindsonar\/","title":{"rendered":"Acerca de MindSonar"},"content":{"rendered":"<h2 style=\"\">SOBRE MINDSONAR<\/h2>\n<p>Describiendo MindSonar, qu\u00e9 mide, por qu\u00e9 y c\u00f3mo.&nbsp;<\/p>\n<p>Definir y describir los Metaprogramas, por qu\u00e9 son importantes y de d\u00f3nde proceden.&nbsp;<\/p>\n<p>Definir y describir los Graves Drives y c\u00f3mo se desarrollaron.<\/p>\n","protected":false},"excerpt":{"rendered":"<p>SOBRE MINDSONAR Describiendo MindSonar, qu\u00e9 mide, por qu\u00e9 y c\u00f3mo.&nbsp; Definir y describir los Metaprogramas, por qu\u00e9 son importantes y de d\u00f3nde proceden.&nbsp; Definir y describir los Graves Drives y c\u00f3mo se desarrollaron.<\/p>\n","protected":false},"author":162,"featured_media":0,"parent":0,"menu_order":0,"comment_status":"closed","ping_status":"closed","template":"","meta":{"_acf_changed":false,"footnotes":""},"class_list":["post-2011572","page","type-page","status-publish","hentry"],"acf":[],"_links":{"self":[{"href":"https:\/\/mindsonar.info\/es\/wp-json\/wp\/v2\/pages\/2011572","targetHints":{"allow":["GET"]}}],"collection":[{"href":"https:\/\/mindsonar.info\/es\/wp-json\/wp\/v2\/pages"}],"about":[{"href":"https:\/\/mindsonar.info\/es\/wp-json\/wp\/v2\/types\/page"}],"author":[{"embeddable":true,"href":"https:\/\/mindsonar.info\/es\/wp-json\/wp\/v2\/users\/162"}],"replies":[{"embeddable":true,"href":"https:\/\/mindsonar.info\/es\/wp-json\/wp\/v2\/comments?post=2011572"}],"version-history":[{"count":3,"href":"https:\/\/mindsonar.info\/es\/wp-json\/wp\/v2\/pages\/2011572\/revisions"}],"predecessor-version":[{"id":2011575,"href":"https:\/\/mindsonar.info\/es\/wp-json\/wp\/v2\/pages\/2011572\/revisions\/2011575"}],"wp:attachment":[{"href":"https:\/\/mindsonar.info\/es\/wp-json\/wp\/v2\/media?parent=2011572"}],"curies":[{"name":"wp","href":"https:\/\/api.w.org\/{rel}","templated":true}]}}