{"id":1512832,"date":"2011-09-21T00:58:11","date_gmt":"2011-09-20T23:58:11","guid":{"rendered":"https:\/\/www.mindsonar.info\/que-son-los-metaprogramas\/"},"modified":"2024-05-18T15:57:29","modified_gmt":"2024-05-18T14:57:29","slug":"que-son-los-metaprogramas","status":"publish","type":"page","link":"https:\/\/mindsonar.info\/es\/que-son-los-metaprogramas\/","title":{"rendered":"\u00bfQu\u00e9 son los Metaprogramas?"},"content":{"rendered":"\t\t<div data-elementor-type=\"wp-page\" data-elementor-id=\"1512832\" class=\"elementor elementor-1512832 elementor-1262\">\n\t\t\t\t<div class=\"elementor-element elementor-element-4a984e7b e-flex e-con-boxed e-con e-parent\" data-id=\"4a984e7b\" data-element_type=\"container\" data-e-type=\"container\">\n\t\t\t\t\t<div class=\"e-con-inner\">\n\t\t\t\t<div class=\"elementor-element elementor-element-24582f26 elementor-widget elementor-widget-text-editor\" data-id=\"24582f26\" data-element_type=\"widget\" data-e-type=\"widget\" data-widget_type=\"text-editor.default\">\n\t\t\t\t\t\t\t\t\t<p><strong>Definici\u00f3n de &#8220;metaprograma<\/strong>&#8221; <strong><br \/> Los metaprogramas son patrones de pensamiento.<\/strong> Por ejemplo: \u00bfalguien se centra en los detalles o en el panorama general? O bien: \u00bfquieren conseguir cosas o quieren evitar problemas? Si tomaras 100 ejemplos de c\u00f3mo piensa alguien en una situaci\u00f3n determinada, en muchos de esos ejemplos tendr\u00edas el mismo tipo de pensamiento. Tambi\u00e9n puedes encontrarlos en <em>c\u00f3mo<\/em> alguien dice las cosas y en sus expresiones no verbales.<\/p>\n<p><strong>\u00bfDe d\u00f3nde viene esa palabra?<\/strong><br \/>Meta significa &#8220;arriba&#8221; (mirar las cosas desde un nivel superior) y &#8220;programaci\u00f3n&#8221; se refiere -en este caso- a secuencias de nuestro pensamiento, es decir, im\u00e1genes internas consecutivas, sentimientos, voces, recuerdos, etc. As\u00ed que los metaprogramas son patrones de esa programaci\u00f3n.<\/p>\n<p><strong>Mentalidad<\/strong><br \/>Los metaprogramas son una parte importante de tu mentalidad. Tu mentalidad se compone de tus valores y de c\u00f3mo manejas tus valores. Tus valores en s\u00ed se miden en MindSonar como &#8220;impulsos de Graves&#8221; y c\u00f3mo los manejas, tu estilo de pensamiento, se mide en metaprogramas.<\/p>\n<p><strong>Sin\u00f3nimos de &#8216;metaprograma<\/strong><\/p>\n<ul>\n<li>Patr\u00f3n de pensamiento<\/li>\n<li>Calidad del estilo de pensamiento<\/li>\n<li>Forma de pensar<\/li>\n<li>Elemento de mentalidad<\/li>\n<li>Preferencia cognitivo-perceptiva<\/li>\n<\/ul>\n<p><strong>Lista de Thinking Styleas medidos en MindSonar<\/strong><\/p>\n<p><em>Conjunto 1:<\/em> Proactivo frente a reactivo<br \/><strong>Proactivo<\/strong> = preferencia por actuar con rapidez y tomar la iniciativa.<br \/><strong>Reactivo<\/strong> = preferencia por esperar, considerar y reflexionar.<\/p>\n<p><em>Set 2:<\/em> Hacia versus Lejos de<br \/><strong>Hacia<\/strong> = centrarse en alcanzar objetivos<br \/><strong>Alejarse de<\/strong> = centrarse en evitar problemas.<\/p>\n<p><em>Conjunto 3:<\/em> Referencia interna frente a referencia externa<br \/><strong>Referencia interna<\/strong> = utilizar los propios criterios en las evaluaciones.<br \/><strong>Referencia externa<\/strong> = utilizar las normas de otras personas en las evaluaciones.<\/p>\n<p><em>Conjunto 4:<\/em> Opciones frente a procedimiento<br \/><strong>Opciones<\/strong> = preferencia por muchas posibilidades distintas.<br \/><strong>Procedimiento<\/strong> = preferencia por la planificaci\u00f3n paso a paso.<\/p>\n<p><em>Conjunto 5:<\/em> General versus Espec\u00edfico<br \/><strong>General<\/strong> = centrado en la visi\u00f3n general<br \/><strong>Espec\u00edfico<\/strong> = centrado en los peque\u00f1os detalles.<\/p>\n<p><em>Conjunto 6:<\/em> Emparejamiento versus Desemparejamiento<br \/><strong>Concordancia<\/strong> = centrarse en lo que es bueno y correcto.<br \/><strong>Desajuste<\/strong> = centrarse en lo que es malo e incorrecto).<\/p>\n<p><em>Conjunto 7:<\/em> Locus de control interno frente a Locus de control externo<br \/><strong>Locus de control interno<\/strong> = se centra en c\u00f3mo alguien influye en sus circunstancias)<br \/><strong>Locus de control externo<\/strong> (se centra en c\u00f3mo influyen las circunstancias de alguien).<\/p>\n<p><em>Conjunto 8:<\/em> Mantenimiento frente a Desarrollo frente a Cambio<br \/><strong>Mantenimiento<\/strong> = preferencia por que las cosas sigan igual.<br \/><strong>Desarrollo <\/strong>= preferencia por el cambio gradual.<br \/><strong>Cambio <\/strong> = preferencia por el cambio r\u00e1pido y radical.<\/p>\n<p><em>Conjunto 9:<\/em> Personas frente a Actividad frente a Informaci\u00f3n<br \/><strong>Personas<\/strong> = centrarse en las personas y en lo que las mueve<br \/><strong>Actividades<\/strong> = centrarse en las actividades que se realizan<br \/><strong>Informaci\u00f3n<\/strong> = centrarse en la informaci\u00f3n; hechos y cifras.<\/p>\n<p><em>Conjunto 10:<\/em> Concepto frente a Estructura frente a Uso<br \/><strong>Concepto<\/strong> = centrarse en lo esencial y en los principios.<br \/><strong>Estructura<\/strong> = atenci\u00f3n a las relaciones entre los elementos.<br \/><strong>Utilizaci\u00f3n<\/strong> = atenci\u00f3n a las aplicaciones pr\u00e1cticas.<\/p>\n<p><em>Conjunto 11:<\/em> Juntos frente a Proximidad frente a Solos<br \/><strong>Juntos<\/strong> = preferencia por trabajar en estrecha colaboraci\u00f3n con responsabilidad compartida.<br \/><strong>Proximidad<\/strong> = preferencia por el apoyo mutuo con responsabilidad individual.<br \/><strong>Solo<\/strong> = preferencia por trabajar solo).<\/p>\n<p><em>Conjunto 12:<\/em> Pasado frente a presente frente a futuro<br \/><strong>Pasado<\/strong> = se centra en hechos pasados.<br \/><strong>Presente<\/strong> = concentraci\u00f3n en el &#8220;aqu\u00ed y ahora&#8221;.<br \/><strong>Futuro<\/strong> = centrado en acontecimientos futuros.<\/p>\n<p>Conjunto 13: Visual versus Auditivo versus Kinest\u00e9sico<br \/><strong>Visual<\/strong> = centrado en im\u00e1genes y pel\u00edculas.<br \/><strong>Auditivo<\/strong> = se centra en los sonidos y las palabras.<br \/><strong>Kinest\u00e9sico<\/strong> = se centra en los sentimientos y el movimiento.<\/p>\n<p>Si quieres ver ejemplos de estos patrones en citas c\u00e9lebres, <a style=\"outline: none;\" title=\"Ejemplos de metaprogramas de Patricia\" href=\"https:\/\/www.mindsonar.info\/\/es\/ejemplos-de-metaprogramas-de-patricia\/\">haz clic aqu\u00ed<\/a>.<\/p>\n<p><strong>C\u00f3mo funcionan juntos el estilo de pensamiento, los filtros, los sentimientos y las acciones<br \/><\/strong>Existe una relaci\u00f3n din\u00e1mica entre el pensamiento (metaprogramas y pulsiones de Graves), la percepci\u00f3n, la emoci\u00f3n y el comportamiento.<\/p>\n<p><span style=\"width: 100%;\"><a href=\"https:\/\/www.mindsonar.info\/\/wp-content\/uploads\/2011\/09\/Meta-Programs.jpg\" rel=\"\"><img fetchpriority=\"high\" decoding=\"async\" style=\"aspect-ratio: auto 940 \/ 788;\" title=\"Thinking Styleas\" src=\"\/\/www.mindsonar.info\/wp-content\/uploads\/2011\/09\/Meta-Programs.jpg\" alt=\"\" width=\"477\" height=\"400\" data-id=\"5036\" data-width=\"477\" data-height=\"400\" data-init-width=\"940\" data-init-height=\"788\"><\/a><\/span><\/p>\n<p><strong><\/strong><\/p>\n<ul>\n<li><strong>C\u00f3mo tu mentalidad refuerza tu percepci\u00f3n<br \/><\/strong>La mentalidad, formada por el estilo de pensamiento (Metaprogramas) m\u00e1s los tipos de motivaci\u00f3n (Impulsos de Graves), determina los filtros <em>perceptivos. <\/em>\u00bfQu\u00e9 es un filtro perceptivo? B\u00e1sicamente es lo que alguien hace o deja de hacer. Y al rev\u00e9s: una vez establecidos, estos filtros tienden a reforzar el estilo de pensamiento y el tipo de motivaci\u00f3n en los que se basan. Por ejemplo: Alguien utiliza el metaprograma &#8220;Procedimiento&#8221; en un contexto determinado. Piensan en t\u00e9rminos de secuencias que deben ejecutarse en un orden determinado. As\u00ed, cuando miren una estanter\u00eda, se fijar\u00e1n en una fila de manuales. Los manuales est\u00e1n llenos del tipo de informaci\u00f3n de procedimiento que les gusta. Si hubieran tenido activo el metaprograma &#8220;Opciones&#8221;, en lugar de &#8220;Procedimiento&#8221;, probablemente ni siquiera habr\u00edan reparado en estos manuales.\n<\/li>\n<li><strong>C\u00f3mo tu mentalidad y tu percepci\u00f3n determinan c\u00f3mo te sientes<br \/><\/strong>La mentalidad y los filtros perceptivos resultantes afectan al estado de \u00e1nimo y a las emociones de alguien y viceversa. Por ejemplo: Alguien est\u00e1 trabajando con un electrodom\u00e9stico concreto y se centra en el &#8220;Procedimiento&#8221;. Se encuentran con un problema. Se sienten frustrados. Entonces se fijan en el manual de electrodom\u00e9sticos de la estanter\u00eda. Empiezan a sentirse mejor: &#8220;\u00a1Ah, debe de haber una soluci\u00f3n en alguna parte!&#8221;.\n<\/li>\n<li><strong>C\u00f3mo tu mentalidad, percepci\u00f3n y estado de \u00e1nimo determinan tu<\/strong> comportamiento En el mismo ejemplo: La persona ve el manual. Como se centran en el &#8220;Procedimiento&#8221;, un manual con informaci\u00f3n paso a paso sobre c\u00f3mo hacerlo les hace sentirse mejor. As\u00ed que con un suspiro de alivio lo sacan de la estanter\u00eda y empiezan a leer (comportamiento). Averiguan c\u00f3mo resolver el problema. Ahora se sienten satisfechos. Al mismo tiempo, esta emoci\u00f3n refuerza su metaprograma (Procedimiento) y sus Graves Drives (Azul para &#8220;hacer las cosas como deben hacerse&#8221; y naranja para &#8220;Tener \u00e9xito y ganar&#8221;).<\/li>\n<\/ul>\n<p><strong>Metaprogramas y PNL<br \/><\/strong>Los metaprogramas tienen su origen en la PNL (&#8220;Programaci\u00f3n Neuroling\u00fc\u00edstica&#8221;), un modelo para estudiar y transformar <em>la experiencia subjetiva.<\/em> La PNL fue desarrollada a finales de los a\u00f1os setenta del siglo pasado en EE.UU., por Richard Bandler y John Grinder. A su vez, tomaron prestados conceptos de:<\/p>\n<ul>\n<li>Fritz Perls (Terapia Gestalt)<\/li>\n<li>Milton H. Erickson (Hipnoterapia)<\/li>\n<li>Virginia Satir (Terapia familiar)<\/li>\n<li>Alfred H. Korzybski (Filosof\u00eda ling\u00fc\u00edstica)<\/li>\n<li>Vaihinger (Filosof\u00eda del &#8220;como si&#8221;)<\/li>\n<li>Miller, Galanter y Pibram (Cibern\u00e9tica)<\/li>\n<li>Gregory Bateson (Evoluci\u00f3n humana)<\/li>\n<\/ul>\n\t\t\t\t\t\t\t\t<\/div>\n\t\t\t\t\t<\/div>\n\t\t\t\t<\/div>\n\t\t\t\t<\/div>\n\t\t","protected":false},"excerpt":{"rendered":"<p>Definici\u00f3n de &#8220;metaprograma&#8221; Los metaprogramas son patrones de pensamiento. Por ejemplo: \u00bfalguien se centra en los detalles o en el panorama general? O bien: \u00bfquieren conseguir cosas o quieren evitar problemas? Si tomaras 100 ejemplos de c\u00f3mo piensa alguien en una situaci\u00f3n determinada, en muchos de esos ejemplos tendr\u00edas el mismo tipo de pensamiento. Tambi\u00e9n [&hellip;]<\/p>\n","protected":false},"author":162,"featured_media":0,"parent":0,"menu_order":0,"comment_status":"closed","ping_status":"closed","template":"","meta":{"_acf_changed":false,"footnotes":""},"class_list":["post-1512832","page","type-page","status-publish","hentry"],"acf":[],"_links":{"self":[{"href":"https:\/\/mindsonar.info\/es\/wp-json\/wp\/v2\/pages\/1512832","targetHints":{"allow":["GET"]}}],"collection":[{"href":"https:\/\/mindsonar.info\/es\/wp-json\/wp\/v2\/pages"}],"about":[{"href":"https:\/\/mindsonar.info\/es\/wp-json\/wp\/v2\/types\/page"}],"author":[{"embeddable":true,"href":"https:\/\/mindsonar.info\/es\/wp-json\/wp\/v2\/users\/162"}],"replies":[{"embeddable":true,"href":"https:\/\/mindsonar.info\/es\/wp-json\/wp\/v2\/comments?post=1512832"}],"version-history":[{"count":3,"href":"https:\/\/mindsonar.info\/es\/wp-json\/wp\/v2\/pages\/1512832\/revisions"}],"predecessor-version":[{"id":1512901,"href":"https:\/\/mindsonar.info\/es\/wp-json\/wp\/v2\/pages\/1512832\/revisions\/1512901"}],"wp:attachment":[{"href":"https:\/\/mindsonar.info\/es\/wp-json\/wp\/v2\/media?parent=1512832"}],"curies":[{"name":"wp","href":"https:\/\/api.w.org\/{rel}","templated":true}]}}